{"id":3222,"date":"2026-02-19T12:39:02","date_gmt":"2026-02-19T12:39:02","guid":{"rendered":"https:\/\/beyourchangewellbeing.com\/?page_id=3222"},"modified":"2026-02-27T13:44:19","modified_gmt":"2026-02-27T13:44:19","slug":"home-turkce","status":"publish","type":"page","link":"https:\/\/beyourchangewellbeing.com\/tr\/home-turkce\/","title":{"rendered":"Anasayfa"},"content":{"rendered":"\t\t<div data-elementor-type=\"wp-page\" data-elementor-id=\"3222\" class=\"elementor elementor-3222\">\n\t\t\t\t<div class=\"elementor-element elementor-element-5c28759 e-flex e-con-boxed e-con e-parent\" data-id=\"5c28759\" data-element_type=\"container\" data-e-type=\"container\">\n\t\t\t\t\t<div class=\"e-con-inner\">\n\t\t\t\t\t<\/div>\n\t\t\t\t<\/div>\n\t\t<div class=\"elementor-element elementor-element-1031e796 e-flex e-con-boxed e-con e-parent\" data-id=\"1031e796\" data-element_type=\"container\" data-e-type=\"container\" data-settings=\"{&quot;background_background&quot;:&quot;classic&quot;}\">\n\t\t\t\t\t<div class=\"e-con-inner\">\n\t\t<div class=\"elementor-element elementor-element-304c8268 e-con-full e-flex e-con e-child\" data-id=\"304c8268\" data-element_type=\"container\" data-e-type=\"container\">\n\t\t\t\t<div class=\"elementor-element elementor-element-287dba92 elementor-widget elementor-widget-text-editor\" data-id=\"287dba92\" data-element_type=\"widget\" data-e-type=\"widget\" data-widget_type=\"text-editor.default\">\n\t\t\t\t<div class=\"elementor-widget-container\">\n\t\t\t\t\t\t\t\t\t<p>Integrative Mind\u2011Body &amp; Wellbeing Coach<\/p>\t\t\t\t\t\t\t\t<\/div>\n\t\t\t\t<\/div>\n\t\t\t\t<div class=\"elementor-element elementor-element-663186d1 elementor-widget__width-initial elementor-widget elementor-widget-heading\" data-id=\"663186d1\" data-element_type=\"widget\" data-e-type=\"widget\" data-widget_type=\"heading.default\">\n\t\t\t\t<div class=\"elementor-widget-container\">\n\t\t\t\t\t<h2 class=\"elementor-heading-title elementor-size-default\">De\u011fi\u015fimini Birlikte Ba\u015flatal\u0131m<\/h2>\t\t\t\t<\/div>\n\t\t\t\t<\/div>\n\t\t\t\t<div class=\"elementor-element elementor-element-714d081f elementor-view-default elementor-widget elementor-widget-icon\" data-id=\"714d081f\" data-element_type=\"widget\" data-e-type=\"widget\" data-widget_type=\"icon.default\">\n\t\t\t\t<div class=\"elementor-widget-container\">\n\t\t\t\t\t\t\t<div class=\"elementor-icon-wrapper\">\n\t\t\t<div class=\"elementor-icon\">\n\t\t\t<svg xmlns=\"http:\/\/www.w3.org\/2000\/svg\" width=\"211\" height=\"21\" viewBox=\"0 0 211 21\" fill=\"none\"><path d=\"M6 14.5508C77.64 4.43777 112.257 3.34446 205 14.5508\" stroke=\"currentColor\" stroke-opacity=\"1\" stroke-width=\"12\" stroke-linecap=\"round\"><\/path><\/svg>\t\t\t<\/div>\n\t\t<\/div>\n\t\t\t\t\t\t<\/div>\n\t\t\t\t<\/div>\n\t\t\t\t<div class=\"elementor-element elementor-element-6a29d33d elementor-widget elementor-widget-text-editor\" data-id=\"6a29d33d\" data-element_type=\"widget\" data-e-type=\"widget\" data-widget_type=\"text-editor.default\">\n\t\t\t\t<div class=\"elementor-widget-container\">\n\t\t\t\t\t\t\t\t\t<p>Duygusal kal\u0131plar\u0131n\u0131 anlamana, stres tepkilerini d\u00fczenlemene ve uzun vadeli dayan\u0131kl\u0131l\u0131k geli\u015ftirmeni desteklemeye yard\u0131mc\u0131 oluyorum.<br \/>Yakla\u015f\u0131m\u0131m; zihin, beden ve davran\u0131\u015flar\u0131n birbiriyle nas\u0131l etkile\u015fime girdi\u011fini b\u00fct\u00fcnc\u00fcl bir \u015fekilde ele al\u0131r.<br \/>Anlaml\u0131 de\u011fi\u015fim fark\u0131ndal\u0131kla ba\u015flar \u2014 destekle g\u00fc\u00e7lenir.<br \/>Ko\u00e7un olarak, sana netlik, \u015fefkat ve bilimsel temelli uygulamalarla e\u015flik ediyor; s\u00fcrd\u00fcr\u00fclebilir ve anlaml\u0131 bir d\u00f6n\u00fc\u015f\u00fcm yaratman i\u00e7in yan\u0131nda oluyorum.<\/p>\t\t\t\t\t\t\t\t<\/div>\n\t\t\t\t<\/div>\n\t\t\t\t<div class=\"elementor-element elementor-element-786f23b2 elementor-widget elementor-widget-button\" data-id=\"786f23b2\" data-element_type=\"widget\" data-e-type=\"widget\" data-widget_type=\"button.default\">\n\t\t\t\t<div class=\"elementor-widget-container\">\n\t\t\t\t\t\t\t\t\t<div class=\"elementor-button-wrapper\">\n\t\t\t\t\t<a class=\"elementor-button elementor-button-link elementor-size-sm\" href=\"https:\/\/beyourchangewellbeing.com\/?page_id=158\">\n\t\t\t\t\t\t<span class=\"elementor-button-content-wrapper\">\n\t\t\t\t\t\t\t\t\t<span class=\"elementor-button-text\">Hadi Ba\u015flayal\u0131m<\/span>\n\t\t\t\t\t<\/span>\n\t\t\t\t\t<\/a>\n\t\t\t\t<\/div>\n\t\t\t\t\t\t\t\t<\/div>\n\t\t\t\t<\/div>\n\t\t\t\t<\/div>\n\t\t<div class=\"elementor-element elementor-element-1a15f923 e-con-full e-flex e-con e-child\" data-id=\"1a15f923\" data-element_type=\"container\" data-e-type=\"container\">\n\t\t\t\t<div class=\"elementor-element elementor-element-7301cf0c e-transform elementor-absolute elementor-widget elementor-widget-spacer\" data-id=\"7301cf0c\" data-element_type=\"widget\" data-e-type=\"widget\" data-settings=\"{&quot;_transform_rotateZ_effect&quot;:{&quot;unit&quot;:&quot;px&quot;,&quot;size&quot;:-60,&quot;sizes&quot;:[]},&quot;_position&quot;:&quot;absolute&quot;,&quot;_transform_rotateZ_effect_tablet&quot;:{&quot;unit&quot;:&quot;deg&quot;,&quot;size&quot;:&quot;&quot;,&quot;sizes&quot;:[]},&quot;_transform_rotateZ_effect_mobile&quot;:{&quot;unit&quot;:&quot;deg&quot;,&quot;size&quot;:&quot;&quot;,&quot;sizes&quot;:[]}}\" data-widget_type=\"spacer.default\">\n\t\t\t\t<div class=\"elementor-widget-container\">\n\t\t\t\t\t\t\t<div class=\"elementor-spacer\">\n\t\t\t<div class=\"elementor-spacer-inner\"><\/div>\n\t\t<\/div>\n\t\t\t\t\t\t<\/div>\n\t\t\t\t<\/div>\n\t\t\t\t<div class=\"elementor-element elementor-element-3911b138 e-transform elementor-absolute elementor-widget elementor-widget-spacer\" data-id=\"3911b138\" data-element_type=\"widget\" data-e-type=\"widget\" data-settings=\"{&quot;_transform_rotateZ_effect&quot;:{&quot;unit&quot;:&quot;px&quot;,&quot;size&quot;:-60,&quot;sizes&quot;:[]},&quot;_position&quot;:&quot;absolute&quot;,&quot;_transform_rotateZ_effect_tablet&quot;:{&quot;unit&quot;:&quot;deg&quot;,&quot;size&quot;:&quot;&quot;,&quot;sizes&quot;:[]},&quot;_transform_rotateZ_effect_mobile&quot;:{&quot;unit&quot;:&quot;deg&quot;,&quot;size&quot;:&quot;&quot;,&quot;sizes&quot;:[]}}\" data-widget_type=\"spacer.default\">\n\t\t\t\t<div class=\"elementor-widget-container\">\n\t\t\t\t\t\t\t<div class=\"elementor-spacer\">\n\t\t\t<div class=\"elementor-spacer-inner\"><\/div>\n\t\t<\/div>\n\t\t\t\t\t\t<\/div>\n\t\t\t\t<\/div>\n\t\t\t\t<div class=\"elementor-element elementor-element-24ea5157 elementor-widget elementor-widget-image\" data-id=\"24ea5157\" data-element_type=\"widget\" data-e-type=\"widget\" data-widget_type=\"image.default\">\n\t\t\t\t<div class=\"elementor-widget-container\">\n\t\t\t\t\t\t\t\t\t\t\t\t\t\t\t<img fetchpriority=\"high\" decoding=\"async\" width=\"819\" height=\"1024\" src=\"https:\/\/beyourchangewellbeing.com\/wp-content\/uploads\/2024\/09\/WhatsApp-Image-2024-09-04-at-11.28.11-AM-819x1024.jpeg\" class=\"attachment-large size-large wp-image-237\" alt=\"\" srcset=\"https:\/\/beyourchangewellbeing.com\/wp-content\/uploads\/2024\/09\/WhatsApp-Image-2024-09-04-at-11.28.11-AM-819x1024.jpeg 819w, https:\/\/beyourchangewellbeing.com\/wp-content\/uploads\/2024\/09\/WhatsApp-Image-2024-09-04-at-11.28.11-AM-240x300.jpeg 240w, https:\/\/beyourchangewellbeing.com\/wp-content\/uploads\/2024\/09\/WhatsApp-Image-2024-09-04-at-11.28.11-AM-768x961.jpeg 768w, https:\/\/beyourchangewellbeing.com\/wp-content\/uploads\/2024\/09\/WhatsApp-Image-2024-09-04-at-11.28.11-AM-1228x1536.jpeg 1228w, https:\/\/beyourchangewellbeing.com\/wp-content\/uploads\/2024\/09\/WhatsApp-Image-2024-09-04-at-11.28.11-AM-600x751.jpeg 600w, https:\/\/beyourchangewellbeing.com\/wp-content\/uploads\/2024\/09\/WhatsApp-Image-2024-09-04-at-11.28.11-AM.jpeg 1279w\" sizes=\"(max-width: 819px) 100vw, 819px\" \/>\t\t\t\t\t\t\t\t\t\t\t\t\t\t\t<\/div>\n\t\t\t\t<\/div>\n\t\t\t\t<\/div>\n\t\t\t\t\t<\/div>\n\t\t\t\t<\/div>\n\t\t<div class=\"elementor-element elementor-element-12e85eda e-flex e-con-boxed e-con e-parent\" data-id=\"12e85eda\" data-element_type=\"container\" data-e-type=\"container\" data-settings=\"{&quot;background_background&quot;:&quot;classic&quot;}\">\n\t\t\t\t\t<div class=\"e-con-inner\">\n\t\t<div class=\"elementor-element elementor-element-2e40f147 e-con-full e-flex e-con e-child\" data-id=\"2e40f147\" data-element_type=\"container\" data-e-type=\"container\">\n\t\t<div class=\"elementor-element elementor-element-2b5a116f e-con-full e-flex e-con e-child\" data-id=\"2b5a116f\" data-element_type=\"container\" data-e-type=\"container\">\n\t\t\t\t<div class=\"elementor-element elementor-element-516c18ea elementor-widget elementor-widget-image\" data-id=\"516c18ea\" data-element_type=\"widget\" data-e-type=\"widget\" data-widget_type=\"image.default\">\n\t\t\t\t<div class=\"elementor-widget-container\">\n\t\t\t\t\t\t\t\t\t\t\t\t\t\t\t<img decoding=\"async\" width=\"512\" height=\"800\" src=\"https:\/\/beyourchangewellbeing.com\/wp-content\/uploads\/2025\/02\/Hizli-ve-Kolay-Saglikli-Ogun-Planlama-Stratejileri-1.png\" class=\"attachment-woocommerce_single size-woocommerce_single wp-image-512\" alt=\"\" srcset=\"https:\/\/beyourchangewellbeing.com\/wp-content\/uploads\/2025\/02\/Hizli-ve-Kolay-Saglikli-Ogun-Planlama-Stratejileri-1.png 512w, https:\/\/beyourchangewellbeing.com\/wp-content\/uploads\/2025\/02\/Hizli-ve-Kolay-Saglikli-Ogun-Planlama-Stratejileri-1-192x300.png 192w\" sizes=\"(max-width: 512px) 100vw, 512px\" \/>\t\t\t\t\t\t\t\t\t\t\t\t\t\t\t<\/div>\n\t\t\t\t<\/div>\n\t\t\t\t<\/div>\n\t\t<div class=\"elementor-element elementor-element-77459b6 e-con-full e-flex e-con e-child\" data-id=\"77459b6\" data-element_type=\"container\" data-e-type=\"container\">\n\t\t\t\t<div class=\"elementor-element elementor-element-5f733c6a elementor-widget elementor-widget-heading\" data-id=\"5f733c6a\" data-element_type=\"widget\" data-e-type=\"widget\" data-widget_type=\"heading.default\">\n\t\t\t\t<div class=\"elementor-widget-container\">\n\t\t\t\t\t<h2 class=\"elementor-heading-title elementor-size-default\">Abone Ol &amp; \u00dccretsiz E\u2011Kitab\u0131n\u0131 Al<\/h2>\t\t\t\t<\/div>\n\t\t\t\t<\/div>\n\t\t\t\t<div class=\"elementor-element elementor-element-5764101a elementor-widget elementor-widget-text-editor\" data-id=\"5764101a\" data-element_type=\"widget\" data-e-type=\"widget\" data-widget_type=\"text-editor.default\">\n\t\t\t\t<div class=\"elementor-widget-container\">\n\t\t\t\t\t\t\t\t\t<p>Yemek planlamas\u0131n\u0131n hayat\u0131n\u0131 nas\u0131l kolayla\u015ft\u0131rabilece\u011fini, zaman kazand\u0131rabilece\u011fini ve sa\u011fl\u0131k hedeflerini destekleyebilece\u011fini ke\u015ffet. Bu \u00fccretsiz e\u2011kitap; pratik stratejiler ve kolay uygulanabilir yemek planlar\u0131 sunarak, stres ya\u015famadan besleyici ve dengeli \u00f6\u011f\u00fcnler haz\u0131rlamana yard\u0131mc\u0131 olur. Beslenmeni kontrol alt\u0131na al ve her g\u00fcn lezzetli, sa\u011fl\u0131kl\u0131 yemeklerin tad\u0131n\u0131 \u00e7\u0131kar!<\/p>\t\t\t\t\t\t\t\t<\/div>\n\t\t\t\t<\/div>\n\t\t\t\t<\/div>\n\t\t\t\t<\/div>\n\t\t<div class=\"elementor-element elementor-element-46cde5eb e-con-full e-flex e-con e-child\" data-id=\"46cde5eb\" data-element_type=\"container\" data-e-type=\"container\">\n\t\t\t\t<div class=\"elementor-element elementor-element-1577d6c8 elementor-widget elementor-widget-html\" data-id=\"1577d6c8\" data-element_type=\"widget\" data-e-type=\"widget\" data-widget_type=\"html.default\">\n\t\t\t\t<div class=\"elementor-widget-container\">\n\t\t\t\t\t<script async data-uid=\"375e920922\" src=\"https:\/\/fantastic-maker-1122.ck.page\/375e920922\/index.js\"><\/script>\t\t\t\t<\/div>\n\t\t\t\t<\/div>\n\t\t\t\t<div class=\"elementor-element elementor-element-22cbf7c7 elementor-widget elementor-widget-button\" data-id=\"22cbf7c7\" data-element_type=\"widget\" data-e-type=\"widget\" data-widget_type=\"button.default\">\n\t\t\t\t<div class=\"elementor-widget-container\">\n\t\t\t\t\t\t\t\t\t<div class=\"elementor-button-wrapper\">\n\t\t\t\t\t<a class=\"elementor-button elementor-button-link elementor-size-sm\" href=\"https:\/\/beyourchangewellbeing.kit.com\/a7f6416709\" id=\"7821331\">\n\t\t\t\t\t\t<span class=\"elementor-button-content-wrapper\">\n\t\t\t\t\t\t\t\t\t<span class=\"elementor-button-text\">Abone olmak i\u00e7in t\u0131kla<\/span>\n\t\t\t\t\t<\/span>\n\t\t\t\t\t<\/a>\n\t\t\t\t<\/div>\n\t\t\t\t\t\t\t\t<\/div>\n\t\t\t\t<\/div>\n\t\t\t\t<\/div>\n\t\t\t\t\t<\/div>\n\t\t\t\t<\/div>\n\t\t<div class=\"elementor-element elementor-element-69e4e5e1 e-flex e-con-boxed e-con e-parent\" data-id=\"69e4e5e1\" data-element_type=\"container\" data-e-type=\"container\" data-settings=\"{&quot;background_background&quot;:&quot;classic&quot;}\">\n\t\t\t\t\t<div class=\"e-con-inner\">\n\t\t<div class=\"elementor-element elementor-element-7246ee7a e-con-full e-flex e-con e-child\" data-id=\"7246ee7a\" data-element_type=\"container\" data-e-type=\"container\">\n\t\t\t\t<div class=\"elementor-element elementor-element-314b4576 elementor-invisible elementor-widget elementor-widget-image\" data-id=\"314b4576\" data-element_type=\"widget\" data-e-type=\"widget\" data-settings=\"{&quot;_animation&quot;:&quot;fadeIn&quot;}\" data-widget_type=\"image.default\">\n\t\t\t\t<div class=\"elementor-widget-container\">\n\t\t\t\t\t\t\t\t\t\t\t\t\t\t\t<img decoding=\"async\" width=\"810\" height=\"1024\" src=\"https:\/\/beyourchangewellbeing.com\/wp-content\/uploads\/2024\/09\/WhatsApp-Image-2024-09-13-at-12.16.19-PM-810x1024.jpeg\" class=\"attachment-large size-large wp-image-257\" alt=\"\" srcset=\"https:\/\/beyourchangewellbeing.com\/wp-content\/uploads\/2024\/09\/WhatsApp-Image-2024-09-13-at-12.16.19-PM-810x1024.jpeg 810w, https:\/\/beyourchangewellbeing.com\/wp-content\/uploads\/2024\/09\/WhatsApp-Image-2024-09-13-at-12.16.19-PM-237x300.jpeg 237w, https:\/\/beyourchangewellbeing.com\/wp-content\/uploads\/2024\/09\/WhatsApp-Image-2024-09-13-at-12.16.19-PM-768x971.jpeg 768w, https:\/\/beyourchangewellbeing.com\/wp-content\/uploads\/2024\/09\/WhatsApp-Image-2024-09-13-at-12.16.19-PM-1215x1536.jpeg 1215w, https:\/\/beyourchangewellbeing.com\/wp-content\/uploads\/2024\/09\/WhatsApp-Image-2024-09-13-at-12.16.19-PM-600x759.jpeg 600w, https:\/\/beyourchangewellbeing.com\/wp-content\/uploads\/2024\/09\/WhatsApp-Image-2024-09-13-at-12.16.19-PM.jpeg 1620w\" sizes=\"(max-width: 810px) 100vw, 810px\" \/>\t\t\t\t\t\t\t\t\t\t\t\t\t\t\t<\/div>\n\t\t\t\t<\/div>\n\t\t\t\t<\/div>\n\t\t<div class=\"elementor-element elementor-element-68f68043 e-con-full e-flex e-con e-child\" data-id=\"68f68043\" data-element_type=\"container\" data-e-type=\"container\">\n\t\t\t\t<div class=\"elementor-element elementor-element-3e6dfe2e elementor-widget elementor-widget-heading\" data-id=\"3e6dfe2e\" data-element_type=\"widget\" data-e-type=\"widget\" data-widget_type=\"heading.default\">\n\t\t\t\t<div class=\"elementor-widget-container\">\n\t\t\t\t\t<h2 class=\"elementor-heading-title elementor-size-default\">Merhaba, ben Basak Celen<\/h2>\t\t\t\t<\/div>\n\t\t\t\t<\/div>\n\t\t\t\t<div class=\"elementor-element elementor-element-140c31c5 elementor-widget elementor-widget-text-editor\" data-id=\"140c31c5\" data-element_type=\"widget\" data-e-type=\"widget\" data-widget_type=\"text-editor.default\">\n\t\t\t\t<div class=\"elementor-widget-container\">\n\t\t\t\t\t\t\t\t\t<p>Founder &amp; Coach<\/p>\t\t\t\t\t\t\t\t<\/div>\n\t\t\t\t<\/div>\n\t\t\t\t<div class=\"elementor-element elementor-element-69c7753a elementor-widget elementor-widget-text-editor\" data-id=\"69c7753a\" data-element_type=\"widget\" data-e-type=\"widget\" data-widget_type=\"text-editor.default\">\n\t\t\t\t<div class=\"elementor-widget-container\">\n\t\t\t\t\t\t\t\t\t<p>\u00c7al\u0131\u015fmalar\u0131m; zihnin, bedenin ve davran\u0131\u015flar\u0131n duygusal iyilik halimizi nas\u0131l \u015fekillendirdi\u011fini anlamaya dayan\u0131yor. Kurumsal hayatta ge\u00e7irdi\u011fim on y\u0131l\u0131 a\u015fk\u0131n s\u00fcrenin ard\u0131ndan oda\u011f\u0131m\u0131, bireylerin netlik kazanmas\u0131na, dayan\u0131kl\u0131l\u0131k geli\u015ftirmesine ve daha sa\u011fl\u0131kl\u0131 i\u00e7sel kal\u0131plar olu\u015fturmas\u0131na destek olmaya y\u00f6nelttim.<br \/>Psikoloji, davran\u0131\u015f bilimi, zihin-beden t\u0131bb\u0131 ve fark\u0131ndal\u0131k temelli uygulamalardaki e\u011fitimlerimle; stresini d\u00fczenlemek, duygusal d\u00f6ng\u00fclerini anlamak ve daha k\u00f6kl\u00fc, s\u00fcrd\u00fcr\u00fclebilir bir de\u011fi\u015fim yaratmak isteyen bireylere e\u015flik ediyorum.<br \/>Hik\u00e2yemi ve nas\u0131l \u00e7al\u0131\u015ft\u0131\u011f\u0131m\u0131 merak ediyor musun?<\/p><p><!--EndFragment --><\/p>\t\t\t\t\t\t\t\t<\/div>\n\t\t\t\t<\/div>\n\t\t\t\t<div class=\"elementor-element elementor-element-29640f8c elementor-widget elementor-widget-button\" data-id=\"29640f8c\" data-element_type=\"widget\" data-e-type=\"widget\" data-widget_type=\"button.default\">\n\t\t\t\t<div class=\"elementor-widget-container\">\n\t\t\t\t\t\t\t\t\t<div class=\"elementor-button-wrapper\">\n\t\t\t\t\t<a class=\"elementor-button elementor-button-link elementor-size-sm\" href=\"https:\/\/beyourchangewellbeing.com\/?page_id=151\">\n\t\t\t\t\t\t<span class=\"elementor-button-content-wrapper\">\n\t\t\t\t\t\t\t\t\t<span class=\"elementor-button-text\">ABOUT SAYFASINA G\u0130T<\/span>\n\t\t\t\t\t<\/span>\n\t\t\t\t\t<\/a>\n\t\t\t\t<\/div>\n\t\t\t\t\t\t\t\t<\/div>\n\t\t\t\t<\/div>\n\t\t\t\t<\/div>\n\t\t\t\t\t<\/div>\n\t\t\t\t<\/div>\n\t\t<div class=\"elementor-element elementor-element-7bb5becd e-flex e-con-boxed e-con e-parent\" data-id=\"7bb5becd\" data-element_type=\"container\" data-e-type=\"container\" data-settings=\"{&quot;background_background&quot;:&quot;classic&quot;}\">\n\t\t\t\t\t<div class=\"e-con-inner\">\n\t\t<div class=\"elementor-element elementor-element-44981e6a e-con-full e-flex e-con e-child\" data-id=\"44981e6a\" data-element_type=\"container\" data-e-type=\"container\">\n\t\t\t\t<div class=\"elementor-element elementor-element-198358f1 elementor-widget elementor-widget-heading\" data-id=\"198358f1\" data-element_type=\"widget\" data-e-type=\"widget\" data-widget_type=\"heading.default\">\n\t\t\t\t<div class=\"elementor-widget-container\">\n\t\t\t\t\t<h2 class=\"elementor-heading-title elementor-size-default\">Sana Nas\u0131l Destek Olabilirim<\/h2>\t\t\t\t<\/div>\n\t\t\t\t<\/div>\n\t\t\t\t<div class=\"elementor-element elementor-element-251bbc0d animated-slow elementor-view-default elementor-invisible elementor-widget elementor-widget-icon\" data-id=\"251bbc0d\" data-element_type=\"widget\" data-e-type=\"widget\" data-settings=\"{&quot;_animation&quot;:&quot;fadeIn&quot;}\" data-widget_type=\"icon.default\">\n\t\t\t\t<div class=\"elementor-widget-container\">\n\t\t\t\t\t\t\t<div class=\"elementor-icon-wrapper\">\n\t\t\t<div class=\"elementor-icon\">\n\t\t\t<svg xmlns=\"http:\/\/www.w3.org\/2000\/svg\" width=\"211\" height=\"21\" viewBox=\"0 0 211 21\" fill=\"none\"><path d=\"M6 14.5508C77.64 4.43777 112.257 3.34446 205 14.5508\" stroke=\"currentColor\" stroke-opacity=\"1\" stroke-width=\"12\" stroke-linecap=\"round\"><\/path><\/svg>\t\t\t<\/div>\n\t\t<\/div>\n\t\t\t\t\t\t<\/div>\n\t\t\t\t<\/div>\n\t\t\t\t<div class=\"elementor-element elementor-element-1b5851fc elementor-widget elementor-widget-text-editor\" data-id=\"1b5851fc\" data-element_type=\"widget\" data-e-type=\"widget\" data-widget_type=\"text-editor.default\">\n\t\t\t\t<div class=\"elementor-widget-container\">\n\t\t\t\t\t\t\t\t\t<p>Duygusal kal\u0131plar\u0131n\u0131 anlamak, stresi d\u00fczenlemek ve daha sa\u011fl\u0131kl\u0131 duygusal\u2013davran\u0131\u015fsal al\u0131\u015fkanl\u0131klar geli\u015ftirmek isteyen bireylere destek oluyorum. Yakla\u015f\u0131m\u0131m; zihin-beden fark\u0131ndal\u0131\u011f\u0131n\u0131, davran\u0131\u015f bilimini ve psikoloji temelli ara\u00e7lar\u0131 bir araya getirerek daha k\u00f6kl\u00fc, dengeli ve s\u00fcrd\u00fcr\u00fclebilir bir de\u011fi\u015fim yaratmana yard\u0131mc\u0131 olur.<\/p>\t\t\t\t\t\t\t\t<\/div>\n\t\t\t\t<\/div>\n\t\t\t\t<\/div>\n\t\t\t\t<div class=\"elementor-element elementor-element-249f821d elementor-align-center elementor-widget elementor-widget-button\" data-id=\"249f821d\" data-element_type=\"widget\" data-e-type=\"widget\" data-widget_type=\"button.default\">\n\t\t\t\t<div class=\"elementor-widget-container\">\n\t\t\t\t\t\t\t\t\t<div class=\"elementor-button-wrapper\">\n\t\t\t\t\t<a class=\"elementor-button elementor-button-link elementor-size-sm\" href=\"https:\/\/beyourchangewellbeing.com\/?page_id=158\">\n\t\t\t\t\t\t<span class=\"elementor-button-content-wrapper\">\n\t\t\t\t\t\t\t\t\t<span class=\"elementor-button-text\">T\u00dcM H\u0130ZMETLER\u0130 G\u00d6R<\/span>\n\t\t\t\t\t<\/span>\n\t\t\t\t\t<\/a>\n\t\t\t\t<\/div>\n\t\t\t\t\t\t\t\t<\/div>\n\t\t\t\t<\/div>\n\t\t\t\t\t<\/div>\n\t\t\t\t<\/div>\n\t\t<div class=\"elementor-element elementor-element-36fd2440 e-con-full e-flex e-con e-parent\" data-id=\"36fd2440\" data-element_type=\"container\" data-e-type=\"container\">\n\t\t<div class=\"elementor-element elementor-element-4b54d023 e-con-full e-flex e-con e-child\" data-id=\"4b54d023\" data-element_type=\"container\" data-e-type=\"container\" data-settings=\"{&quot;background_background&quot;:&quot;classic&quot;}\">\n\t\t<div class=\"elementor-element elementor-element-34004823 e-con-full e-flex e-con e-child\" data-id=\"34004823\" data-element_type=\"container\" data-e-type=\"container\">\n\t\t\t\t<div class=\"elementor-element elementor-element-7035c82d elementor-widget elementor-widget-heading\" data-id=\"7035c82d\" data-element_type=\"widget\" data-e-type=\"widget\" data-widget_type=\"heading.default\">\n\t\t\t\t<div class=\"elementor-widget-container\">\n\t\t\t\t\t<h2 class=\"elementor-heading-title elementor-size-default\">\u0130yilik halini daha sa\u011fl\u0131kl\u0131 al\u0131\u015fkanl\u0131klarla, duygusal netlikle ve daha dengeli bir ya\u015famla g\u00fc\u00e7lendirmek mi istiyorsun?\n\n<\/h2>\t\t\t\t<\/div>\n\t\t\t\t<\/div>\n\t\t\t\t<div class=\"elementor-element elementor-element-2455bb3a elementor-widget elementor-widget-text-editor\" data-id=\"2455bb3a\" data-element_type=\"widget\" data-e-type=\"widget\" data-widget_type=\"text-editor.default\">\n\t\t\t\t<div class=\"elementor-widget-container\">\n\t\t\t\t\t\t\t\t\t<p>O zaman \u00fccretsiz bir ke\u015fif g\u00f6r\u00fc\u015fmesinde tan\u0131\u015fal\u0131m ve sana en iyi nas\u0131l destek olabilece\u011fimi birlikte ke\u015ffedelim.Let\u2019s connect for a free discovery call and see what kind of support would serve you best.<\/p>\t\t\t\t\t\t\t\t<\/div>\n\t\t\t\t<\/div>\n\t\t\t\t<div class=\"elementor-element elementor-element-5ab49278 elementor-widget__width-auto calendly-button color-white elementor-widget elementor-widget-shortcode\" data-id=\"5ab49278\" data-element_type=\"widget\" data-e-type=\"widget\" data-widget_type=\"shortcode.default\">\n\t\t\t\t<div class=\"elementor-widget-container\">\n\t\t\t\t\t\t\t<div class=\"elementor-shortcode\"><!-- Calendly link widget begin -->\n<link href=\"https:\/\/assets.calendly.com\/assets\/external\/widget.css\" rel=\"stylesheet\">\n<script src=\"https:\/\/assets.calendly.com\/assets\/external\/widget.js\" type=\"text\/javascript\" async><\/script>\n<a href=\"\" onclick=\"Calendly.initPopupWidget({url: 'https:\/\/calendly.com\/wpcoachify\/30min'});return false;\">FREE DISCOVERY CALL<\/a>\n<!-- Calendly link widget end --><\/div>\n\t\t\t\t\t\t<\/div>\n\t\t\t\t<\/div>\n\t\t\t\t<\/div>\n\t\t<div class=\"elementor-element elementor-element-3aad1858 e-con-full e-flex e-con e-child\" data-id=\"3aad1858\" data-element_type=\"container\" data-e-type=\"container\">\n\t\t\t\t<div class=\"elementor-element elementor-element-6b9342a7 elementor-invisible elementor-widget elementor-widget-image\" data-id=\"6b9342a7\" data-element_type=\"widget\" data-e-type=\"widget\" data-settings=\"{&quot;_animation&quot;:&quot;fadeIn&quot;}\" data-widget_type=\"image.default\">\n\t\t\t\t<div class=\"elementor-widget-container\">\n\t\t\t\t\t\t\t\t\t\t\t\t\t\t\t<img loading=\"lazy\" decoding=\"async\" width=\"768\" height=\"1024\" src=\"https:\/\/beyourchangewellbeing.com\/wp-content\/uploads\/2024\/09\/WhatsApp-Image-2024-09-13-at-12.09.53-PM-768x1024.jpeg\" class=\"attachment-large size-large wp-image-266\" alt=\"\" srcset=\"https:\/\/beyourchangewellbeing.com\/wp-content\/uploads\/2024\/09\/WhatsApp-Image-2024-09-13-at-12.09.53-PM-768x1024.jpeg 768w, https:\/\/beyourchangewellbeing.com\/wp-content\/uploads\/2024\/09\/WhatsApp-Image-2024-09-13-at-12.09.53-PM-225x300.jpeg 225w, https:\/\/beyourchangewellbeing.com\/wp-content\/uploads\/2024\/09\/WhatsApp-Image-2024-09-13-at-12.09.53-PM-1152x1536.jpeg 1152w, https:\/\/beyourchangewellbeing.com\/wp-content\/uploads\/2024\/09\/WhatsApp-Image-2024-09-13-at-12.09.53-PM-600x800.jpeg 600w, https:\/\/beyourchangewellbeing.com\/wp-content\/uploads\/2024\/09\/WhatsApp-Image-2024-09-13-at-12.09.53-PM.jpeg 1500w\" sizes=\"(max-width: 768px) 100vw, 768px\" \/>\t\t\t\t\t\t\t\t\t\t\t\t\t\t\t<\/div>\n\t\t\t\t<\/div>\n\t\t\t\t<\/div>\n\t\t\t\t<\/div>\n\t\t\t\t<\/div>\n\t\t\t\t<\/div>\n\t\t","protected":false},"excerpt":{"rendered":"<p>Integrative Mind\u2011Body &amp; Wellbeing Coach De\u011fi\u015fimini Birlikte Ba\u015flatal\u0131m Duygusal kal\u0131plar\u0131n\u0131 anlamana, stres tepkilerini d\u00fczenlemene ve uzun vadeli dayan\u0131kl\u0131l\u0131k geli\u015ftirmeni desteklemeye &hellip; <\/p>\n","protected":false},"author":1,"featured_media":0,"parent":0,"menu_order":0,"comment_status":"closed","ping_status":"closed","template":"","meta":{"_coachify_sidebar_layout":"","footnotes":""},"class_list":["post-3222","page","type-page","status-publish","hentry","image-hover-transition-effect"],"_links":{"self":[{"href":"https:\/\/beyourchangewellbeing.com\/wp-json\/wp\/v2\/pages\/3222","targetHints":{"allow":["GET"]}}],"collection":[{"href":"https:\/\/beyourchangewellbeing.com\/wp-json\/wp\/v2\/pages"}],"about":[{"href":"https:\/\/beyourchangewellbeing.com\/wp-json\/wp\/v2\/types\/page"}],"author":[{"embeddable":true,"href":"https:\/\/beyourchangewellbeing.com\/wp-json\/wp\/v2\/users\/1"}],"replies":[{"embeddable":true,"href":"https:\/\/beyourchangewellbeing.com\/wp-json\/wp\/v2\/comments?post=3222"}],"version-history":[{"count":13,"href":"https:\/\/beyourchangewellbeing.com\/wp-json\/wp\/v2\/pages\/3222\/revisions"}],"predecessor-version":[{"id":3393,"href":"https:\/\/beyourchangewellbeing.com\/wp-json\/wp\/v2\/pages\/3222\/revisions\/3393"}],"wp:attachment":[{"href":"https:\/\/beyourchangewellbeing.com\/wp-json\/wp\/v2\/media?parent=3222"}],"curies":[{"name":"wp","href":"https:\/\/api.w.org\/{rel}","templated":true}]}}